{"id":3915,"date":"2025-05-22T18:42:36","date_gmt":"2025-05-22T11:42:36","guid":{"rendered":"https:\/\/geec.com.vn\/?page_id=3915"},"modified":"2025-05-22T18:42:59","modified_gmt":"2025-05-22T11:42:59","slug":"tinh-thuc-trong-ky-nguyen-ai","status":"publish","type":"page","link":"https:\/\/geec.com.vn\/en\/tinh-thuc-trong-ky-nguyen-ai\/","title":{"rendered":"L\u00e3nh \u0111\u1ea1o t\u1ec9nh th\u1ee9c trong k\u1ef7 nguy\u00ean AI"},"content":{"rendered":"<figure id=\"attachment_3918\" aria-describedby=\"caption-attachment-3918\" style=\"width: 1000px\" class=\"wp-caption aligncenter\"><img fetchpriority=\"high\" decoding=\"async\" class=\"wp-image-3918 size-full\" src=\"https:\/\/geec.com.vn\/wp-content\/uploads\/2025\/05\/lanh-dao-tinh-thuc-trong-ky-nguyen-ai.jpg\" alt=\"L\u00e3nh \u0111\u1ea1o t\u1ec9nh th\u1ee9c trong k\u1ef7 nguy\u00ean AI\" width=\"1000\" height=\"500\" srcset=\"https:\/\/geec.com.vn\/wp-content\/uploads\/2025\/05\/lanh-dao-tinh-thuc-trong-ky-nguyen-ai.jpg 1000w, https:\/\/geec.com.vn\/wp-content\/uploads\/2025\/05\/lanh-dao-tinh-thuc-trong-ky-nguyen-ai-300x150.jpg 300w, https:\/\/geec.com.vn\/wp-content\/uploads\/2025\/05\/lanh-dao-tinh-thuc-trong-ky-nguyen-ai-768x384.jpg 768w, https:\/\/geec.com.vn\/wp-content\/uploads\/2025\/05\/lanh-dao-tinh-thuc-trong-ky-nguyen-ai-18x9.jpg 18w\" sizes=\"(max-width: 1000px) 100vw, 1000px\" \/><figcaption id=\"caption-attachment-3918\" class=\"wp-caption-text\">L\u00e3nh \u0111\u1ea1o t\u1ec9nh th\u1ee9c trong k\u1ef7 nguy\u00ean AI<\/figcaption><\/figure>\n<p data-start=\"241\" data-end=\"351\"><em data-start=\"241\" data-end=\"351\">L\u00e3nh \u0111\u1ea1o t\u1ec9nh th\u1ee9c trong k\u1ef7 nguy\u00ean AI \u2013 Kh\u01a1i ngu\u1ed3n tr\u00ed tu\u1ec7 v\u00e0 nh\u00e2n v\u0103n cho h\u00e0nh tr\u00ecnh chuy\u1ec3n \u0111\u1ed5i s\u1ed1 b\u1ec1n v\u1eefng<\/em><\/p>\n<h2 data-start=\"353\" data-end=\"399\">K\u1ef7 nguy\u00ean AI: C\u01a1 h\u1ed9i l\u1edbn, th\u00e1ch th\u1ee9c s\u00e2u<\/h2>\n<p data-start=\"401\" data-end=\"656\">Cu\u1ed9c c\u00e1ch m\u1ea1ng tr\u00ed tu\u1ec7 nh\u00e2n t\u1ea1o (AI) \u0111ang t\u00e1i \u0111\u1ecbnh h\u00ecnh to\u00e0n b\u1ed9 h\u1ec7 sinh th\u00e1i kinh t\u1ebf, x\u00e3 h\u1ed9i v\u00e0 con ng\u01b0\u1eddi. AI kh\u00f4ng ch\u1ec9 l\u00e0 m\u1ed9t c\u00f4ng ngh\u1ec7 \u2013 n\u00f3 l\u00e0 m\u1ed9t th\u1eddi \u0111\u1ea1i m\u1edbi, n\u01a1i d\u1eef li\u1ec7u tr\u1edf th\u00e0nh d\u1ea7u m\u1ecf, thu\u1eadt to\u00e1n l\u00e0 c\u00f4ng c\u1ee5 quy\u1ec1n l\u1ef1c, v\u00e0 t\u1ed1c \u0111\u1ed9 l\u00e0 y\u1ebfu t\u1ed1 s\u1ed1ng c\u00f2n.<\/p>\n<p data-start=\"658\" data-end=\"1025\">Trong b\u1ed1i c\u1ea3nh \u0111\u00f3, vai tr\u00f2 c\u1ee7a <strong data-start=\"689\" data-end=\"730\">l\u00e3nh \u0111\u1ea1o t\u1ec9nh th\u1ee9c trong k\u1ef7 nguy\u00ean AI<\/strong> tr\u1edf n\u00ean v\u00f4 c\u00f9ng quan tr\u1ecdng. \u0110\u00e2y kh\u00f4ng c\u00f2n l\u00e0 th\u1eddi \u0111\u1ea1i c\u1ee7a nh\u00e0 l\u00e3nh \u0111\u1ea1o bi\u1ebft t\u1ea5t c\u1ea3, m\u00e0 l\u00e0 th\u1eddi \u0111\u1ea1i c\u1ee7a ng\u01b0\u1eddi d\u1eabn d\u1eaft c\u00f3 kh\u1ea3 n\u0103ng k\u1ebft n\u1ed1i, h\u1ecdc h\u1ecfi kh\u00f4ng ng\u1eebng v\u00e0 th\u1ea5u c\u1ea3m s\u00e2u s\u1eafc. T\u1ec9nh th\u1ee9c \u2013 kh\u00f4ng ch\u1ec9 l\u00e0 s\u1ef1 nh\u1eadn bi\u1ebft, m\u00e0 l\u00e0 n\u0103ng l\u1ef1c nh\u00ecn th\u1ea5y b\u1ea3n ch\u1ea5t, hi\u1ec3u \u0111\u00fang th\u1eddi cu\u1ed9c v\u00e0 h\u00e0nh \u0111\u1ed9ng h\u00e0i h\u00f2a.<\/p>\n<h2 data-start=\"1027\" data-end=\"1058\">L\u00e3nh \u0111\u1ea1o t\u1ec9nh th\u1ee9c l\u00e0 g\u00ec?<\/h2>\n<p data-start=\"1060\" data-end=\"1337\"><strong data-start=\"1060\" data-end=\"1082\">L\u00e3nh \u0111\u1ea1o t\u1ec9nh th\u1ee9c<\/strong> l\u00e0 ki\u1ec3u l\u00e3nh \u0111\u1ea1o d\u1ef1a tr\u00ean s\u1ef1 nh\u1eadn th\u1ee9c s\u00e2u s\u1eafc v\u1ec1 b\u1ea3n th\u00e2n, con ng\u01b0\u1eddi, t\u1ed5 ch\u1ee9c v\u00e0 th\u1ebf gi\u1edbi xung quanh. H\u1ecd kh\u00f4ng ch\u1ec9 gi\u1ecfi chi\u1ebfn l\u01b0\u1ee3c hay \u0111i\u1ec1u h\u00e0nh, m\u00e0 c\u00f2n ph\u00e1t tri\u1ec3n n\u0103ng l\u1ef1c tr\u00ed tu\u1ec7 c\u1ea3m x\u00fac (EQ), s\u1ef1 hi\u1ec7n di\u1ec7n, l\u00f2ng t\u1eeb bi v\u00e0 kh\u1ea3 n\u0103ng th\u00edch nghi linh ho\u1ea1t.<\/p>\n<p data-start=\"1339\" data-end=\"1552\">Trong k\u1ef7 nguy\u00ean AI, ng\u01b0\u1eddi l\u00e3nh \u0111\u1ea1o t\u1ec9nh th\u1ee9c kh\u00f4ng b\u1ecb cu\u1ed1n v\u00e0o v\u00f2ng xo\u00e1y c\u00f4ng ngh\u1ec7 m\u00e0 bi\u1ebft c\u00e1ch gi\u1eef v\u1eefng gi\u00e1 tr\u1ecb con ng\u01b0\u1eddi, \u0111\u01b0a ra quy\u1ebft \u0111\u1ecbnh d\u1ef1a tr\u00ean s\u1ef1 c\u00e2n b\u1eb1ng gi\u1eefa d\u1eef li\u1ec7u v\u00e0 tr\u1ef1c gi\u00e1c, gi\u1eefa l\u00fd tr\u00ed v\u00e0 \u0111\u1ea1o \u0111\u1ee9c.<\/p>\n<h3 data-start=\"1554\" data-end=\"1626\">C\u00e1c ph\u1ea9m ch\u1ea5t c\u1ed1t l\u00f5i c\u1ee7a l\u00e3nh \u0111\u1ea1o t\u1ec9nh th\u1ee9c trong k\u1ef7 nguy\u00ean AI g\u1ed3m:<\/h3>\n<ul data-start=\"1628\" data-end=\"2156\">\n<li data-start=\"1628\" data-end=\"1740\">\n<p data-start=\"1630\" data-end=\"1740\"><strong data-start=\"1630\" data-end=\"1661\">T\u01b0 duy ph\u1ea3n bi\u1ec7n v\u00e0 s\u00e2u s\u1eafc<\/strong>: Kh\u00f4ng d\u1ec5 b\u1ecb thao t\u00fang b\u1edfi th\u00f4ng tin, bi\u1ebft \u0111\u1eb7t c\u00e2u h\u1ecfi \u0111\u00fang v\u00e0 \u0111\u00e0o s\u00e2u v\u1ea5n \u0111\u1ec1.<\/p>\n<\/li>\n<li data-start=\"1741\" data-end=\"1846\">\n<p data-start=\"1743\" data-end=\"1846\"><strong data-start=\"1743\" data-end=\"1769\">Hi\u1ec7n di\u1ec7n v\u00e0 l\u1eafng nghe<\/strong>: T\u1eadp trung v\u00e0o con ng\u01b0\u1eddi, kh\u00f4ng b\u1ecb ph\u00e2n t\u00e1n b\u1edfi c\u00f4ng ngh\u1ec7 hay \u00e1p l\u1ef1c t\u1ed1c \u0111\u1ed9.<\/p>\n<\/li>\n<li data-start=\"1847\" data-end=\"1935\">\n<p data-start=\"1849\" data-end=\"1935\"><strong data-start=\"1849\" data-end=\"1870\">Th\u1ea5u c\u1ea3m v\u00e0 t\u1eeb bi<\/strong>: Hi\u1ec3u r\u00f5 n\u1ed7i \u0111au, nhu c\u1ea7u, ti\u1ec1m n\u0103ng c\u1ee7a nh\u00e2n vi\u00ean v\u00e0 c\u1ed9ng \u0111\u1ed3ng.<\/p>\n<\/li>\n<li data-start=\"1936\" data-end=\"2057\">\n<p data-start=\"1938\" data-end=\"2057\"><strong data-start=\"1938\" data-end=\"1962\">H\u00e0nh \u0111\u1ed9ng c\u00f3 \u0111\u1ea1o \u0111\u1ee9c<\/strong>: Lu\u00f4n \u0111\u1eb7t c\u00e2u h\u1ecfi v\u1ec1 \u1ea3nh h\u01b0\u1edfng c\u1ee7a AI t\u1edbi quy\u1ec1n con ng\u01b0\u1eddi, s\u1ef1 c\u00f4ng b\u1eb1ng v\u00e0 t\u01b0\u01a1ng lai b\u1ec1n v\u1eefng.<\/p>\n<\/li>\n<li data-start=\"2058\" data-end=\"2156\">\n<p data-start=\"2060\" data-end=\"2156\"><strong data-start=\"2060\" data-end=\"2089\">Kh\u1ea3 n\u0103ng h\u1ecdc h\u1ecfi li\u00ean t\u1ee5c<\/strong>: Kh\u00f4ng ng\u1eebng c\u1eadp nh\u1eadt c\u00f4ng ngh\u1ec7 m\u1edbi v\u00e0 t\u1ef1 l\u00e0m m\u1edbi t\u01b0 duy l\u00e3nh \u0111\u1ea1o.<\/p>\n<\/li>\n<\/ul>\n<h2 data-start=\"2158\" data-end=\"2213\">V\u00ec sao c\u1ea7n l\u00e3nh \u0111\u1ea1o t\u1ec9nh th\u1ee9c trong k\u1ef7 nguy\u00ean AI?<\/h2>\n<p data-start=\"2215\" data-end=\"2485\">Tr\u00ed tu\u1ec7 nh\u00e2n t\u1ea1o \u0111ang l\u00e0m thay \u0111\u1ed5i s\u00e2u s\u1eafc c\u00e1ch th\u1ee9c con ng\u01b0\u1eddi l\u00e0m vi\u1ec7c, giao ti\u1ebfp v\u00e0 ra quy\u1ebft \u0111\u1ecbnh. Trong m\u00f4i tr\u01b0\u1eddng \u0111\u00f3, n\u1ebfu ch\u1ec9 ch\u1ea1y theo hi\u1ec7u su\u1ea5t m\u00e0 qu\u00ean \u0111i y\u1ebfu t\u1ed1 con ng\u01b0\u1eddi, t\u1ed5 ch\u1ee9c s\u1ebd d\u1ec5 r\u01a1i v\u00e0o t\u00ecnh tr\u1ea1ng m\u1ea5t ph\u01b0\u01a1ng h\u01b0\u1edbng, kh\u1ee7ng ho\u1ea3ng v\u0103n h\u00f3a v\u00e0 x\u00f3i m\u00f2n ni\u1ec1m tin.<\/p>\n<p data-start=\"2487\" data-end=\"2569\">M\u1ed9t s\u1ed1 l\u00fd do v\u00ec sao <strong data-start=\"2507\" data-end=\"2548\">l\u00e3nh \u0111\u1ea1o t\u1ec9nh th\u1ee9c trong k\u1ef7 nguy\u00ean AI<\/strong> l\u00e0 xu h\u01b0\u1edbng t\u1ea5t y\u1ebfu:<\/p>\n<ul data-start=\"2571\" data-end=\"3212\">\n<li data-start=\"2571\" data-end=\"2742\">\n<p data-start=\"2573\" data-end=\"2742\"><strong data-start=\"2573\" data-end=\"2622\">AI m\u1ea1nh l\u00ean, con ng\u01b0\u1eddi c\u00e0ng c\u1ea7n t\u1ec9nh th\u1ee9c h\u01a1n<\/strong>: C\u00f4ng ngh\u1ec7 c\u00f3 th\u1ec3 thay th\u1ebf t\u01b0 duy l\u1eb7p l\u1ea1i, nh\u01b0ng kh\u00f4ng thay th\u1ebf \u0111\u01b0\u1ee3c tr\u00ed tu\u1ec7 c\u1ea3m x\u00fac, s\u1ef1 \u0111\u1ed3ng c\u1ea3m hay kh\u1ea3 n\u0103ng \u0111\u1ea1o \u0111\u1ee9c.<\/p>\n<\/li>\n<li data-start=\"2743\" data-end=\"2894\">\n<p data-start=\"2745\" data-end=\"2894\"><strong data-start=\"2745\" data-end=\"2785\">Gi\u1ea3m thi\u1ec3u r\u1ee7i ro \u0111\u1ea1o \u0111\u1ee9c v\u00e0 ph\u00e1p l\u00fd<\/strong>: Nh\u1eefng h\u1ec7 th\u1ed1ng AI kh\u00f4ng \u0111\u01b0\u1ee3c gi\u00e1m s\u00e1t t\u1ed1t d\u1ec5 g\u00e2y ra sai l\u1ec7ch, ph\u00e2n bi\u1ec7t \u0111\u1ed1i x\u1eed ho\u1eb7c vi ph\u1ea1m quy\u1ec1n ri\u00eang t\u01b0.<\/p>\n<\/li>\n<li data-start=\"2895\" data-end=\"3044\">\n<p data-start=\"2897\" data-end=\"3044\"><strong data-start=\"2897\" data-end=\"2942\">Gi\u1eef v\u1eefng ni\u1ec1m tin v\u00e0 v\u0103n h\u00f3a doanh nghi\u1ec7p<\/strong>: Trong th\u1eddi k\u1ef3 chuy\u1ec3n \u0111\u1ed5i s\u1ed1, v\u0103n h\u00f3a doanh nghi\u1ec7p l\u00e0 n\u1ec1n t\u1ea3ng gi\u1eef cho t\u1ed5 ch\u1ee9c kh\u00f4ng b\u1ecb \u201cr\u00e3 k\u1ebft c\u1ea5u\u201d.<\/p>\n<\/li>\n<li data-start=\"3045\" data-end=\"3212\">\n<p data-start=\"3047\" data-end=\"3212\"><strong data-start=\"3047\" data-end=\"3099\">D\u1eabn d\u1eaft \u0111\u1ed9i ng\u0169 v\u01b0\u1ee3t qua kh\u1ee7ng ho\u1ea3ng v\u00e0 b\u1ea5t \u0111\u1ecbnh<\/strong>: Ng\u01b0\u1eddi t\u1ec9nh th\u1ee9c kh\u00f4ng n\u00e9 tr\u00e1nh s\u1ef1 th\u1eadt m\u00e0 \u0111\u1ed1i di\u1ec7n v\u1edbi tinh th\u1ea7n b\u00ecnh t\u0129nh, gi\u00fap \u0111\u1ed9i ng\u0169 \u1ed5n \u0111\u1ecbnh v\u00e0 ph\u00e1t tri\u1ec3n.<\/p>\n<\/li>\n<\/ul>\n<h2 data-start=\"3214\" data-end=\"3260\">Nh\u1eefng m\u00f4 h\u00ecnh l\u00e3nh \u0111\u1ea1o t\u1ec9nh th\u1ee9c n\u1ed5i b\u1eadt<\/h2>\n<p data-start=\"3262\" data-end=\"3409\">Tr\u00ean th\u1ebf gi\u1edbi, nhi\u1ec1u m\u00f4 h\u00ecnh v\u00e0 t\u1ea5m g\u01b0\u01a1ng l\u00e3nh \u0111\u1ea1o t\u1ec9nh th\u1ee9c \u0111\u00e3 ch\u1ee9ng minh hi\u1ec7u qu\u1ea3 v\u01b0\u1ee3t tr\u1ed9i trong vi\u1ec7c k\u1ebft h\u1ee3p c\u00f4ng ngh\u1ec7 AI v\u1edbi gi\u00e1 tr\u1ecb nh\u00e2n b\u1ea3n:<\/p>\n<ul data-start=\"3411\" data-end=\"4018\">\n<li data-start=\"3411\" data-end=\"3604\">\n<p data-start=\"3413\" data-end=\"3604\"><strong data-start=\"3413\" data-end=\"3446\">Satya Nadella (CEO Microsoft)<\/strong>: \u00d4ng \u0111\u00e3 d\u1eabn d\u1eaft Microsoft t\u1eeb m\u1ed9t \u201cg\u00e3 kh\u1ed5ng l\u1ed3 tr\u00ec tr\u1ec7\u201d th\u00e0nh c\u00f4ng ty AI h\u00e0ng \u0111\u1ea7u, nh\u1edd v\u00e0o phong c\u00e1ch l\u00e3nh \u0111\u1ea1o \u0111\u1ed3ng c\u1ea3m, nu\u00f4i d\u01b0\u1ee1ng v\u0103n h\u00f3a h\u1ecdc t\u1eadp v\u00e0 c\u1edfi m\u1edf.<\/p>\n<\/li>\n<li data-start=\"3605\" data-end=\"3827\">\n<p data-start=\"3607\" data-end=\"3827\"><strong data-start=\"3607\" data-end=\"3653\">Jacinda Ardern (c\u1ef1u Th\u1ee7 t\u01b0\u1edbng New Zealand)<\/strong>: D\u00f9 kh\u00f4ng tr\u1ef1c ti\u1ebfp l\u00e0 l\u00e3nh \u0111\u1ea1o c\u00f4ng ngh\u1ec7, nh\u01b0ng b\u00e0 cho th\u1ea5y t\u1ea7m \u1ea3nh h\u01b0\u1edfng c\u1ee7a m\u1ed9t l\u00e3nh \u0111\u1ea1o t\u1ec9nh th\u1ee9c \u2013 l\u1ea5y con ng\u01b0\u1eddi l\u00e0m trung t\u00e2m, bi\u1ebft l\u1eafng nghe v\u00e0 h\u00e0nh \u0111\u1ed9ng t\u1eeb tr\u00e1i tim.<\/p>\n<\/li>\n<li data-start=\"3828\" data-end=\"4018\">\n<p data-start=\"3830\" data-end=\"4018\"><strong data-start=\"3830\" data-end=\"3881\">Organizational Mindfulness (Ch\u00e1nh ni\u1ec7m t\u1ed5 ch\u1ee9c)<\/strong>: M\u1ed9t m\u00f4 h\u00ecnh \u0111ang \u0111\u01b0\u1ee3c Google, Intel, SAP \u1ee9ng d\u1ee5ng \u0111\u1ec3 t\u1ea1o ra m\u00f4i tr\u01b0\u1eddng l\u00e0m vi\u1ec7c t\u1ec9nh th\u1ee9c, gi\u1ea3m stress, n\u00e2ng cao s\u00e1ng t\u1ea1o v\u00e0 hi\u1ec7u su\u1ea5t.<\/p>\n<\/li>\n<\/ul>\n<h2 data-start=\"4020\" data-end=\"4078\">L\u00e0m sao \u0111\u1ec3 nu\u00f4i d\u01b0\u1ee1ng phong c\u00e1ch l\u00e3nh \u0111\u1ea1o t\u1ec9nh th\u1ee9c?<\/h2>\n<p data-start=\"4080\" data-end=\"4276\">\u0110\u1ec3 tr\u1edf th\u00e0nh <strong data-start=\"4093\" data-end=\"4134\">l\u00e3nh \u0111\u1ea1o t\u1ec9nh th\u1ee9c trong k\u1ef7 nguy\u00ean AI<\/strong>, kh\u00f4ng ch\u1ec9 c\u1ea7n hi\u1ec3u bi\u1ebft c\u00f4ng ngh\u1ec7 m\u00e0 c\u00f2n ph\u1ea3i b\u1eaft \u0111\u1ea7u t\u1eeb b\u00ean trong \u2013 r\u00e8n luy\u1ec7n nh\u1eadn th\u1ee9c, \u0111i\u1ec1u ti\u1ebft c\u1ea3m x\u00fac v\u00e0 x\u00e2y d\u1ef1ng h\u1ec7 gi\u00e1 tr\u1ecb b\u1ec1n v\u1eefng.<\/p>\n<p data-start=\"4278\" data-end=\"4317\">D\u01b0\u1edbi \u0111\u00e2y l\u00e0 m\u1ed9t s\u1ed1 c\u00e1ch th\u1ee9c th\u1ef1c ti\u1ec5n:<\/p>\n<ul data-start=\"4319\" data-end=\"5001\">\n<li data-start=\"4319\" data-end=\"4452\">\n<p data-start=\"4321\" data-end=\"4452\"><strong data-start=\"4321\" data-end=\"4366\">Thi\u1ec1n ch\u00e1nh ni\u1ec7m (Mindfulness meditation)<\/strong>: Gi\u00fap ng\u01b0\u1eddi l\u00e3nh \u0111\u1ea1o l\u1eafng \u0111\u1ecdng t\u00e2m tr\u00ed, t\u0103ng kh\u1ea3 n\u0103ng t\u1eadp trung v\u00e0 \u0111i\u1ec1u ti\u1ebft c\u1ea3m x\u00fac.<\/p>\n<\/li>\n<li data-start=\"4453\" data-end=\"4616\">\n<p data-start=\"4455\" data-end=\"4616\"><strong data-start=\"4455\" data-end=\"4478\">T\u1ef1 v\u1ea5n th\u01b0\u1eddng xuy\u00ean<\/strong>: H\u1ecfi l\u1ea1i b\u1ea3n th\u00e2n m\u1ed7i ng\u00e0y: \u201c\u0110i\u1ec1u t\u00f4i l\u00e0m h\u00f4m nay c\u00f3 v\u00ec s\u1ef1 ph\u00e1t tri\u1ec3n b\u1ec1n v\u1eefng kh\u00f4ng?\u201d, \u201cQuy\u1ebft \u0111\u1ecbnh c\u1ee7a t\u00f4i \u1ea3nh h\u01b0\u1edfng g\u00ec \u0111\u1ebfn ng\u01b0\u1eddi kh\u00e1c?\u201d<\/p>\n<\/li>\n<li data-start=\"4617\" data-end=\"4740\">\n<p data-start=\"4619\" data-end=\"4740\"><strong data-start=\"4619\" data-end=\"4661\">X\u00e2y d\u1ef1ng v\u0103n h\u00f3a ph\u1ea3n t\u01b0 trong t\u1ed5 ch\u1ee9c<\/strong>: T\u1ea1o \u0111i\u1ec1u ki\u1ec7n \u0111\u1ec3 nh\u00e2n vi\u00ean chia s\u1ebb suy ngh\u0129, \u0111\u1eb7t c\u00e2u h\u1ecfi v\u00e0 h\u1ecdc h\u1ecfi l\u1eabn nhau.<\/p>\n<\/li>\n<li data-start=\"4741\" data-end=\"4889\">\n<p data-start=\"4743\" data-end=\"4889\"><strong data-start=\"4743\" data-end=\"4778\">T\u00edch h\u1ee3p AI m\u1ed9t c\u00e1ch c\u00f3 \u0111\u1ea1o \u0111\u1ee9c<\/strong>: \u0110\u1ea3m b\u1ea3o c\u00e1c gi\u1ea3i ph\u00e1p AI trong t\u1ed5 ch\u1ee9c minh b\u1ea1ch, c\u00f3 th\u1ec3 gi\u1ea3i th\u00edch, kh\u00f4ng thi\u00ean v\u1ecb v\u00e0 c\u00f3 h\u1ec7 th\u1ed1ng ki\u1ec3m so\u00e1t.<\/p>\n<\/li>\n<li data-start=\"4890\" data-end=\"5001\">\n<p data-start=\"4892\" data-end=\"5001\"><strong data-start=\"4892\" data-end=\"4912\">H\u1ecdc t\u1eadp su\u1ed1t \u0111\u1eddi<\/strong>: \u0110\u0103ng k\u00fd c\u00e1c kh\u00f3a h\u1ecdc v\u1ec1 AI, \u0111\u1ea1o \u0111\u1ee9c c\u00f4ng ngh\u1ec7, t\u01b0 duy ph\u1ea3n bi\u1ec7n v\u00e0 ph\u00e1t tri\u1ec3n b\u1ea3n th\u00e2n.<\/p>\n<\/li>\n<\/ul>\n<h2 data-start=\"5003\" data-end=\"5058\">AIWS 2025 \u2013 H\u00e0nh tr\u00ecnh lan t\u1ecfa t\u1ec9nh th\u1ee9c to\u00e0n c\u1ea7u<\/h2>\n<p data-start=\"5060\" data-end=\"5280\">Programs <strong data-start=\"5073\" data-end=\"5105\">AIWS 2025 (AI World Society)<\/strong> kh\u00f4ng ch\u1ec9 l\u00e0 m\u1ed9t h\u1ed9i th\u1ea3o c\u00f4ng ngh\u1ec7 m\u00e0 l\u00e0 n\u01a1i quy t\u1ee5 nh\u1eefng nh\u00e0 l\u00e3nh \u0111\u1ea1o t\u01b0 t\u01b0\u1edfng, nh\u00e0 nghi\u00ean c\u1ee9u, doanh nh\u00e2n v\u00e0 chuy\u00ean gia \u0111\u1ec3 c\u00f9ng chia s\u1ebb t\u1ea7m nh\u00ecn v\u1ec1 m\u1ed9t x\u00e3 h\u1ed9i AI nh\u00e2n v\u0103n.<\/p>\n<p data-start=\"5282\" data-end=\"5363\">V\u1edbi ch\u1ee7 \u0111\u1ec1 <strong data-start=\"5293\" data-end=\"5327\">\u201cT\u1ec9nh th\u1ee9c trong k\u1ef7 nguy\u00ean AI\u201d<\/strong>, AIWS 2025 h\u01b0\u1edbng \u0111\u1ebfn vi\u1ec7c th\u00fac \u0111\u1ea9y:<\/p>\n<ul data-start=\"5365\" data-end=\"5576\">\n<li data-start=\"5365\" data-end=\"5406\">\n<p data-start=\"5367\" data-end=\"5406\">S\u1ef1 \u0111\u1ed1i tho\u1ea1i to\u00e0n c\u1ea7u v\u1ec1 AI c\u00f3 \u0111\u1ea1o \u0111\u1ee9c.<\/p>\n<\/li>\n<li data-start=\"5407\" data-end=\"5481\">\n<p data-start=\"5409\" data-end=\"5481\">Ph\u00e1t tri\u1ec3n ch\u00ednh s\u00e1ch v\u00e0 h\u00e0nh lang ph\u00e1p l\u00fd ph\u00f9 h\u1ee3p v\u1edbi s\u1ef1 ph\u00e1t tri\u1ec3n AI.<\/p>\n<\/li>\n<li data-start=\"5482\" data-end=\"5576\">\n<p data-start=\"5484\" data-end=\"5576\">H\u1ed7 tr\u1ee3 c\u00e1c nh\u00e0 l\u00e3nh \u0111\u1ea1o nu\u00f4i d\u01b0\u1ee1ng t\u01b0 duy t\u1ec9nh th\u1ee9c v\u00e0 d\u1eabn d\u1eaft chuy\u1ec3n \u0111\u1ed5i s\u1ed1 c\u00f3 tr\u00e1ch nhi\u1ec7m.<\/p>\n<\/li>\n<\/ul>\n<p data-start=\"5578\" data-end=\"5731\">AIWS tin r\u1eb1ng: <em data-start=\"5593\" data-end=\"5731\">C\u00f4ng ngh\u1ec7 ch\u1ec9 th\u1ef1c s\u1ef1 c\u00f3 \u00fd ngh\u0129a khi ph\u1ee5c v\u1ee5 cho con ng\u01b0\u1eddi \u2013 v\u00e0 ng\u01b0\u1eddi l\u00e3nh \u0111\u1ea1o t\u1ec9nh th\u1ee9c l\u00e0 c\u1ea7u n\u1ed1i quan tr\u1ecdng \u0111\u1ec3 hi\u1ec7n th\u1ef1c h\u00f3a \u0111i\u1ec1u \u0111\u00f3.<\/em><\/p>\n<p data-start=\"5749\" data-end=\"6064\">Trong m\u1ed9t th\u1ebf gi\u1edbi \u0111ang v\u1eadn h\u00e0nh b\u1edfi AI v\u00e0 d\u1eef li\u1ec7u, <strong data-start=\"5801\" data-end=\"5842\">l\u00e3nh \u0111\u1ea1o t\u1ec9nh th\u1ee9c trong k\u1ef7 nguy\u00ean AI<\/strong> ch\u00ednh l\u00e0 la b\u00e0n ch\u1ec9 h\u01b0\u1edbng. \u0110\u00f3 kh\u00f4ng ch\u1ec9 l\u00e0 m\u00f4 h\u00ecnh l\u00e3nh \u0111\u1ea1o l\u00fd t\u01b0\u1edfng, m\u00e0 l\u00e0 nhu c\u1ea7u c\u1ea5p thi\u1ebft \u0111\u1ec3 gi\u1eef g\u00ecn gi\u00e1 tr\u1ecb con ng\u01b0\u1eddi, \u0111\u1ea3m b\u1ea3o s\u1ef1 ph\u00e1t tri\u1ec3n c\u00f4ng b\u1eb1ng, b\u1ec1n v\u1eefng v\u00e0 khai ph\u00f3ng ti\u1ec1m n\u0103ng c\u1ee7a t\u1eebng c\u00e1 nh\u00e2n trong t\u1ed5 ch\u1ee9c.<\/p>\n<p data-start=\"6066\" data-end=\"6300\">T\u1ec9nh th\u1ee9c \u2013 kh\u00f4ng ph\u1ea3i l\u00e0 s\u1ef1 t\u1ec9nh t\u00e1o t\u1ea1m th\u1eddi, m\u00e0 l\u00e0 tr\u1ea1ng th\u00e1i s\u1ed1ng tr\u1ecdn v\u1eb9n, s\u00e2u s\u1eafc v\u00e0 \u0111\u1ea7y y\u00eau th\u01b0\u01a1ng trong t\u1eebng quy\u1ebft \u0111\u1ecbnh. Trong k\u1ef7 nguy\u00ean AI, s\u1ef1 t\u1ec9nh th\u1ee9c ch\u00ednh l\u00e0 n\u1ec1n t\u1ea3ng \u0111\u1ec3 AI ph\u1ee5c v\u1ee5 con ng\u01b0\u1eddi, ch\u1ee9 kh\u00f4ng chi ph\u1ed1i con ng\u01b0\u1eddi.<\/p>","protected":false},"excerpt":{"rendered":"<p>L\u00e3nh \u0111\u1ea1o t\u1ec9nh th\u1ee9c trong k\u1ef7 nguy\u00ean AI \u2013 Kh\u01a1i ngu\u1ed3n tr\u00ed tu\u1ec7 v\u00e0 nh\u00e2n v\u0103n cho h\u00e0nh tr\u00ecnh chuy\u1ec3n \u0111\u1ed5i s\u1ed1 b\u1ec1n v\u1eefng K\u1ef7 nguy\u00ean AI: C\u01a1 h\u1ed9i l\u1edbn, th\u00e1ch th\u1ee9c s\u00e2u Cu\u1ed9c c\u00e1ch m\u1ea1ng tr\u00ed tu\u1ec7 nh\u00e2n t\u1ea1o (AI) \u0111ang t\u00e1i \u0111\u1ecbnh h\u00ecnh to\u00e0n b\u1ed9 h\u1ec7 sinh th\u00e1i kinh t\u1ebf, x\u00e3 h\u1ed9i v\u00e0 [&hellip;]<\/p>\n","protected":false},"author":1,"featured_media":0,"parent":0,"menu_order":0,"comment_status":"closed","ping_status":"closed","template":"","meta":{"_seopress_robots_primary_cat":"","_seopress_titles_title":"L\u00e3nh \u0111\u1ea1o t\u1ec9nh th\u1ee9c trong k\u1ef7 nguy\u00ean AI","_seopress_titles_desc":"L\u00e3nh \u0111\u1ea1o t\u1ec9nh th\u1ee9c trong k\u1ef7 nguy\u00ean AI t\u1ea1i ch\u01b0\u01a1ng tr\u00ecnh AIWS 2025, AIWS 2025 (AI World Society) n\u01a1i quy t\u1ee5 nh\u1eefng nh\u00e0 l\u00e3nh \u0111\u1ea1o t\u01b0 t\u01b0\u1edfng gi\u1ecfi","_seopress_robots_index":"","_gspb_post_css":"","footnotes":""},"class_list":["post-3915","page","type-page","status-publish","hentry"],"_links":{"self":[{"href":"https:\/\/geec.com.vn\/en\/wp-json\/wp\/v2\/pages\/3915","targetHints":{"allow":["GET"]}}],"collection":[{"href":"https:\/\/geec.com.vn\/en\/wp-json\/wp\/v2\/pages"}],"about":[{"href":"https:\/\/geec.com.vn\/en\/wp-json\/wp\/v2\/types\/page"}],"author":[{"embeddable":true,"href":"https:\/\/geec.com.vn\/en\/wp-json\/wp\/v2\/users\/1"}],"replies":[{"embeddable":true,"href":"https:\/\/geec.com.vn\/en\/wp-json\/wp\/v2\/comments?post=3915"}],"version-history":[{"count":1,"href":"https:\/\/geec.com.vn\/en\/wp-json\/wp\/v2\/pages\/3915\/revisions"}],"predecessor-version":[{"id":3919,"href":"https:\/\/geec.com.vn\/en\/wp-json\/wp\/v2\/pages\/3915\/revisions\/3919"}],"wp:attachment":[{"href":"https:\/\/geec.com.vn\/en\/wp-json\/wp\/v2\/media?parent=3915"}],"curies":[{"name":"wp","href":"https:\/\/api.w.org\/{rel}","templated":true}]}}